{"id":538,"date":"2022-03-27T19:10:46","date_gmt":"2022-03-27T17:10:46","guid":{"rendered":"http:\/\/osteopathe-moreno.com\/?page_id=538"},"modified":"2024-08-08T11:04:29","modified_gmt":"2024-08-08T09:04:29","slug":"contact","status":"publish","type":"page","link":"https:\/\/osteopathe-moreno.com\/index.php\/contact\/","title":{"rendered":"Contact"},"content":{"rendered":"\t\t<div data-elementor-type=\"wp-page\" data-elementor-id=\"538\" class=\"elementor elementor-538\">\n\t\t\t\t\t\t<section class=\"elementor-section elementor-top-section elementor-element elementor-element-5a960c1 elementor-section-boxed elementor-section-height-default elementor-section-height-default wpr-particle-no wpr-jarallax-no wpr-parallax-no wpr-sticky-section-no wpr-equal-height-no\" data-id=\"5a960c1\" data-element_type=\"section\" data-e-type=\"section\">\n\t\t\t\t\t\t\t<div class=\"elementor-background-overlay\"><\/div>\n\t\t\t\t\t\t\t<div class=\"elementor-container elementor-column-gap-default\">\n\t\t\t\t\t<div class=\"elementor-column elementor-col-100 elementor-top-column elementor-element elementor-element-a4ae270\" data-id=\"a4ae270\" data-element_type=\"column\" data-e-type=\"column\">\n\t\t\t<div class=\"elementor-widget-wrap elementor-element-populated\">\n\t\t\t\t\t\t<div class=\"elementor-element elementor-element-9a839ae premium-title-flex-start premium-title-color elementor-widget elementor-widget-premium-addon-title\" data-id=\"9a839ae\" data-element_type=\"widget\" data-e-type=\"widget\" data-widget_type=\"premium-addon-title.default\">\n\t\t\t\t<div class=\"elementor-widget-container\">\n\t\t\t\t\t\n\t\t<div class=\"premium-title-wrapper\">\n\t\t\t<div class=\"premium-title-container style4\">\n\t\t\t\t<h2 class=\"premium-title-header premium-title-style4\">\n\t\t\t\t\t\n\t\t\t\t\t\n\t\t\t\t\t\t\t\t\t\t\t\t\t\t\t<span class=\"premium-title-text\">\n\t\t\t\t\t\tVous souhaitez prendre rendez-vous ? \t\t\t\t\t<\/span>\n\t\t\t\t\t\t\n\t\t\t\t\t\t\t\t\t\t\n\t\t\t\t\t\t\t\t\t<\/h2>\n\n\t\t\t<\/div>\n\n\t\t\t\t\t<\/div>\n\n\t\t\t\t\t\t<\/div>\n\t\t\t\t<\/div>\n\t\t\t\t<section class=\"elementor-section elementor-inner-section elementor-element elementor-element-bc1923d elementor-section-boxed elementor-section-height-default elementor-section-height-default wpr-particle-no wpr-jarallax-no wpr-parallax-no wpr-sticky-section-no wpr-equal-height-no\" data-id=\"bc1923d\" data-element_type=\"section\" data-e-type=\"section\">\n\t\t\t\t\t\t<div class=\"elementor-container elementor-column-gap-default\">\n\t\t\t\t\t<div class=\"elementor-column elementor-col-50 elementor-inner-column elementor-element elementor-element-57f832a\" data-id=\"57f832a\" data-element_type=\"column\" data-e-type=\"column\">\n\t\t\t<div class=\"elementor-widget-wrap elementor-element-populated\">\n\t\t\t\t\t\t<div class=\"elementor-element elementor-element-82b2799 elementor-widget elementor-widget-text-editor\" data-id=\"82b2799\" data-element_type=\"widget\" data-e-type=\"widget\" data-widget_type=\"text-editor.default\">\n\t\t\t\t<div class=\"elementor-widget-container\">\n\t\t\t\t\t\t\t\t\t<p><span style=\"font-style: inherit; font-family: var( --e-global-typography-text-font-family ), Sans-serif; background-color: var(--ast-global-color-5);\">Pour une prise de rendez-vous, retrouvez-moi sur doctolib en cliquant sur le bouton ci-dessous :<\/span><\/p>\t\t\t\t\t\t\t\t<\/div>\n\t\t\t\t<\/div>\n\t\t\t\t<div class=\"elementor-element elementor-element-a7cf54f elementor-align-left elementor-widget elementor-widget-elementskit-button\" data-id=\"a7cf54f\" data-element_type=\"widget\" data-e-type=\"widget\" data-widget_type=\"elementskit-button.default\">\n\t\t\t\t<div class=\"elementor-widget-container\">\n\t\t\t\t\t<div class=\"ekit-wid-con\" >\t\t<div class=\"ekit-btn-wraper\">\n\t\t\t\t\t\t\t<a href=\"https:\/\/www.doctolib.fr\/osteopathe\/sainte-foy-les-lyon\/amelie-moreno\" class=\"elementskit-btn  whitespace--normal\" id=\"\">\n\t\t\t\t\tRDV Doctolib\t\t\t\t<\/a>\n\t\t\t\t\t<\/div>\n        <\/div>\t\t\t\t<\/div>\n\t\t\t\t<\/div>\n\t\t\t\t<div class=\"elementor-element elementor-element-b76c312 elementor-widget elementor-widget-text-editor\" data-id=\"b76c312\" data-element_type=\"widget\" data-e-type=\"widget\" data-widget_type=\"text-editor.default\">\n\t\t\t\t<div class=\"elementor-widget-container\">\n\t\t\t\t\t\t\t\t\t<p><span style=\"font-size: 16px;\">Vous pouvez aussi me contacter par t\u00e9l\u00e9phone au\u00a0<\/span><span style=\"font-size: 16px; caret-color: #06016c; color: #06016c;\"><span style=\"text-decoration: underline;\"><strong>07 69 66 02 02<\/strong><\/span><strong>, <\/strong>ou par mail \u00e0\u00a0<span style=\"text-decoration: underline;\"><strong><a href=\"mailto:contact@osteopathe-moreno.com\">contact@osteopathe-moreno.com.<\/a><\/strong><\/span><\/span><\/p><div style=\"caret-color: #06016c; color: #06016c;\"><div dir=\"auto\">Pour toutes informations compl\u00e9mentaires n&rsquo;h\u00e9sitez pas \u00e0 me contacter par SMS ou par mail, j&rsquo;y<span style=\"font-family: var( --e-global-typography-text-font-family ), Sans-serif; font-size: 1rem; background-color: var(--ast-global-color-5);\">\u00a0r\u00e9pondrai dans les plus brefs d\u00e9lais.<\/span><\/div><\/div>\t\t\t\t\t\t\t\t<\/div>\n\t\t\t\t<\/div>\n\t\t\t\t\t<\/div>\n\t\t<\/div>\n\t\t\t\t<div class=\"elementor-column elementor-col-50 elementor-inner-column elementor-element elementor-element-7956f03\" data-id=\"7956f03\" data-element_type=\"column\" data-e-type=\"column\">\n\t\t\t<div class=\"elementor-widget-wrap elementor-element-populated\">\n\t\t\t\t\t\t<div class=\"elementor-element elementor-element-a921ce6 premium-floating-effects-yes elementor-invisible elementor-widget elementor-widget-image\" data-id=\"a921ce6\" data-element_type=\"widget\" data-e-type=\"widget\" data-settings=\"{&quot;_animation&quot;:&quot;slideInLeft&quot;,&quot;premium_fe_trigger&quot;:&quot;load&quot;,&quot;premium_fe_direction&quot;:&quot;alternate&quot;,&quot;premium_fe_loop&quot;:&quot;default&quot;,&quot;premium_fe_easing&quot;:&quot;easeInOutSine&quot;}\" data-widget_type=\"image.default\">\n\t\t\t\t<div class=\"elementor-widget-container\">\n\t\t\t\t\t\t\t\t\t\t\t\t\t\t\t<img fetchpriority=\"high\" decoding=\"async\" width=\"1000\" height=\"913\" src=\"https:\/\/osteopathe-moreno.com\/wp-content\/uploads\/2022\/03\/POLAROIDSProfil@300x.png\" class=\"attachment-large size-large wp-image-426\" alt=\"\" srcset=\"https:\/\/osteopathe-moreno.com\/wp-content\/uploads\/2022\/03\/POLAROIDSProfil@300x.png 1000w, https:\/\/osteopathe-moreno.com\/wp-content\/uploads\/2022\/03\/POLAROIDSProfil@300x-300x274.png 300w, https:\/\/osteopathe-moreno.com\/wp-content\/uploads\/2022\/03\/POLAROIDSProfil@300x-768x701.png 768w\" sizes=\"(max-width: 1000px) 100vw, 1000px\" \/>\t\t\t\t\t\t\t\t\t\t\t\t\t\t\t<\/div>\n\t\t\t\t<\/div>\n\t\t\t\t<div class=\"elementor-element elementor-element-e4da253 premium-floating-effects-yes elementor-invisible elementor-widget elementor-widget-image\" data-id=\"e4da253\" data-element_type=\"widget\" data-e-type=\"widget\" data-settings=\"{&quot;_animation&quot;:&quot;slideInLeft&quot;,&quot;premium_fe_trigger&quot;:&quot;load&quot;,&quot;premium_fe_direction&quot;:&quot;alternate&quot;,&quot;premium_fe_loop&quot;:&quot;default&quot;,&quot;premium_fe_easing&quot;:&quot;easeInOutSine&quot;}\" data-widget_type=\"image.default\">\n\t\t\t\t<div class=\"elementor-widget-container\">\n\t\t\t\t\t\t\t\t\t\t\t\t\t\t\t<img decoding=\"async\" width=\"1000\" height=\"990\" src=\"https:\/\/osteopathe-moreno.com\/wp-content\/uploads\/2022\/03\/Logo-SF-7.png\" class=\"attachment-large size-large wp-image-1123\" alt=\"\" srcset=\"https:\/\/osteopathe-moreno.com\/wp-content\/uploads\/2022\/03\/Logo-SF-7.png 1000w, https:\/\/osteopathe-moreno.com\/wp-content\/uploads\/2022\/03\/Logo-SF-7-300x297.png 300w, https:\/\/osteopathe-moreno.com\/wp-content\/uploads\/2022\/03\/Logo-SF-7-150x150.png 150w, https:\/\/osteopathe-moreno.com\/wp-content\/uploads\/2022\/03\/Logo-SF-7-768x760.png 768w\" sizes=\"(max-width: 1000px) 100vw, 1000px\" \/>\t\t\t\t\t\t\t\t\t\t\t\t\t\t\t<\/div>\n\t\t\t\t<\/div>\n\t\t\t\t\t<\/div>\n\t\t<\/div>\n\t\t\t\t\t<\/div>\n\t\t<\/section>\n\t\t\t\t\t<\/div>\n\t\t<\/div>\n\t\t\t\t\t<\/div>\n\t\t<\/section>\n\t\t\t\t<section class=\"elementor-section elementor-top-section elementor-element elementor-element-a468876 elementor-section-boxed elementor-section-height-default elementor-section-height-default wpr-particle-no wpr-jarallax-no wpr-parallax-no wpr-sticky-section-no wpr-equal-height-no\" data-id=\"a468876\" data-element_type=\"section\" data-e-type=\"section\" data-settings=\"{&quot;background_background&quot;:&quot;classic&quot;}\">\n\t\t\t\t\t\t<div class=\"elementor-container elementor-column-gap-default\">\n\t\t\t\t\t<div class=\"elementor-column elementor-col-50 elementor-top-column elementor-element elementor-element-5812628\" data-id=\"5812628\" data-element_type=\"column\" data-e-type=\"column\">\n\t\t\t<div class=\"elementor-widget-wrap elementor-element-populated\">\n\t\t\t\t\t\t<div class=\"elementor-element elementor-element-507ba30 elementor-widget elementor-widget-google_maps\" data-id=\"507ba30\" data-element_type=\"widget\" data-e-type=\"widget\" data-widget_type=\"google_maps.default\">\n\t\t\t\t<div class=\"elementor-widget-container\">\n\t\t\t\t\t\t\t<div class=\"elementor-custom-embed\">\n\t\t\t<iframe loading=\"lazy\"\n\t\t\t\t\tsrc=\"https:\/\/maps.google.com\/maps?q=Samadhi%20sainte%20Foy&#038;t=m&#038;z=12&#038;output=embed&#038;iwloc=near\"\n\t\t\t\t\ttitle=\"Samadhi sainte Foy\"\n\t\t\t\t\taria-label=\"Samadhi sainte Foy\"\n\t\t\t><\/iframe>\n\t\t<\/div>\n\t\t\t\t\t\t<\/div>\n\t\t\t\t<\/div>\n\t\t\t\t\t<\/div>\n\t\t<\/div>\n\t\t\t\t<div class=\"elementor-column elementor-col-50 elementor-top-column elementor-element elementor-element-7359e9c\" data-id=\"7359e9c\" data-element_type=\"column\" data-e-type=\"column\">\n\t\t\t<div class=\"elementor-widget-wrap elementor-element-populated\">\n\t\t\t\t\t\t<div class=\"elementor-element elementor-element-8e9a7e3 premium-title-flex-start premium-title-color elementor-widget elementor-widget-premium-addon-title\" data-id=\"8e9a7e3\" data-element_type=\"widget\" data-e-type=\"widget\" data-widget_type=\"premium-addon-title.default\">\n\t\t\t\t<div class=\"elementor-widget-container\">\n\t\t\t\t\t\n\t\t<div class=\"premium-title-wrapper\">\n\t\t\t<div class=\"premium-title-container style4\">\n\t\t\t\t<h2 class=\"premium-title-header premium-title-style4\">\n\t\t\t\t\t\n\t\t\t\t\t\n\t\t\t\t\t\t\t\t\t\t\t\t\t\t\t<span class=\"premium-title-text\">\n\t\t\t\t\t\tHoraires\t\t\t\t\t<\/span>\n\t\t\t\t\t\t\n\t\t\t\t\t\t\t\t\t\t\n\t\t\t\t\t\t\t\t\t<\/h2>\n\n\t\t\t<\/div>\n\n\t\t\t\t\t<\/div>\n\n\t\t\t\t\t\t<\/div>\n\t\t\t\t<\/div>\n\t\t\t\t<div class=\"elementor-element elementor-element-20bef34 elementor-widget elementor-widget-text-editor\" data-id=\"20bef34\" data-element_type=\"widget\" data-e-type=\"widget\" data-widget_type=\"text-editor.default\">\n\t\t\t\t<div class=\"elementor-widget-container\">\n\t\t\t\t\t\t\t\t\t<p><span style=\"font-style: inherit; font-family: var( --e-global-typography-text-font-family ), Sans-serif;\">Vous pouvez me retrouver :<\/span><\/p><p><span style=\"font-style: inherit; font-family: var( --e-global-typography-text-font-family ), Sans-serif;\">Du Lundi au Vendredi\u00a0<\/span><\/p><p>de 8h-12h et 13h-18h<\/p>\t\t\t\t\t\t\t\t<\/div>\n\t\t\t\t<\/div>\n\t\t\t\t\t<\/div>\n\t\t<\/div>\n\t\t\t\t\t<\/div>\n\t\t<\/section>\n\t\t\t\t<\/div>\n\t\t","protected":false},"excerpt":{"rendered":"<p>Vous souhaitez prendre rendez-vous ? Pour une prise de rendez-vous, retrouvez-moi sur doctolib en cliquant sur le bouton ci-dessous : RDV Doctolib Vous pouvez aussi me contacter par t\u00e9l\u00e9phone au\u00a007 69 66 02 02, ou par mail \u00e0\u00a0contact@osteopathe-moreno.com. Pour toutes informations compl\u00e9mentaires n&rsquo;h\u00e9sitez pas \u00e0 me contacter par SMS ou par mail, j&rsquo;y\u00a0r\u00e9pondrai dans les plus brefs d\u00e9lais. Horaires Vous pouvez me retrouver : Du Lundi au Vendredi\u00a0 de 8h-12h et 13h-18h<\/p>\n","protected":false},"author":1,"featured_media":0,"parent":0,"menu_order":0,"comment_status":"closed","ping_status":"closed","template":"","meta":{"site-sidebar-layout":"no-sidebar","site-content-layout":"page-builder","ast-site-content-layout":"default","site-content-style":"default","site-sidebar-style":"default","ast-global-header-display":"","ast-banner-title-visibility":"","ast-main-header-display":"","ast-hfb-above-header-display":"","ast-hfb-below-header-display":"","ast-hfb-mobile-header-display":"","site-post-title":"disabled","ast-breadcrumbs-content":"","ast-featured-img":"disabled","footer-sml-layout":"","ast-disable-related-posts":"","theme-transparent-header-meta":"","adv-header-id-meta":"","stick-header-meta":"","header-above-stick-meta":"","header-main-stick-meta":"","header-below-stick-meta":"","astra-migrate-meta-layouts":"default","ast-page-background-enabled":"default","ast-page-background-meta":{"desktop":{"background-color":"var(--ast-global-color-4)","background-image":"","background-repeat":"repeat","background-position":"center center","background-size":"auto","background-attachment":"scroll","background-type":"","background-media":"","overlay-type":"","overlay-color":"","overlay-opacity":"","overlay-gradient":""},"tablet":{"background-color":"","background-image":"","background-repeat":"repeat","background-position":"center center","background-size":"auto","background-attachment":"scroll","background-type":"","background-media":"","overlay-type":"","overlay-color":"","overlay-opacity":"","overlay-gradient":""},"mobile":{"background-color":"","background-image":"","background-repeat":"repeat","background-position":"center center","background-size":"auto","background-attachment":"scroll","background-type":"","background-media":"","overlay-type":"","overlay-color":"","overlay-opacity":"","overlay-gradient":""}},"ast-content-background-meta":{"desktop":{"background-color":"var(--ast-global-color-5)","background-image":"","background-repeat":"repeat","background-position":"center center","background-size":"auto","background-attachment":"scroll","background-type":"","background-media":"","overlay-type":"","overlay-color":"","overlay-opacity":"","overlay-gradient":""},"tablet":{"background-color":"var(--ast-global-color-5)","background-image":"","background-repeat":"repeat","background-position":"center center","background-size":"auto","background-attachment":"scroll","background-type":"","background-media":"","overlay-type":"","overlay-color":"","overlay-opacity":"","overlay-gradient":""},"mobile":{"background-color":"var(--ast-global-color-5)","background-image":"","background-repeat":"repeat","background-position":"center center","background-size":"auto","background-attachment":"scroll","background-type":"","background-media":"","overlay-type":"","overlay-color":"","overlay-opacity":"","overlay-gradient":""}},"footnotes":""},"class_list":["post-538","page","type-page","status-publish","hentry"],"yoast_head":"<!-- This site is optimized with the Yoast SEO plugin v27.5 - https:\/\/yoast.com\/product\/yoast-seo-wordpress\/ -->\n<title>Contact - Am\u00e9lie Moreno Ost\u00e9opathe<\/title>\n<meta name=\"robots\" content=\"index, follow, max-snippet:-1, max-image-preview:large, max-video-preview:-1\" \/>\n<link rel=\"canonical\" href=\"https:\/\/osteopathe-moreno.com\/index.php\/contact\/\" \/>\n<meta property=\"og:locale\" content=\"fr_FR\" \/>\n<meta property=\"og:type\" content=\"article\" \/>\n<meta property=\"og:title\" content=\"Contact - Am\u00e9lie Moreno Ost\u00e9opathe\" \/>\n<meta property=\"og:description\" content=\"Vous souhaitez prendre rendez-vous ? Pour une prise de rendez-vous, retrouvez-moi sur doctolib en cliquant sur le bouton ci-dessous : RDV Doctolib Vous pouvez aussi me contacter par t\u00e9l\u00e9phone au\u00a007 69 66 02 02, ou par mail \u00e0\u00a0contact@osteopathe-moreno.com. Pour toutes informations compl\u00e9mentaires n&rsquo;h\u00e9sitez pas \u00e0 me contacter par SMS ou par mail, j&rsquo;y\u00a0r\u00e9pondrai dans les plus brefs d\u00e9lais. Horaires Vous pouvez me retrouver : Du Lundi au Vendredi\u00a0 de 8h-12h et 13h-18h\" \/>\n<meta property=\"og:url\" content=\"https:\/\/osteopathe-moreno.com\/index.php\/contact\/\" \/>\n<meta property=\"og:site_name\" content=\"Am\u00e9lie Moreno Ost\u00e9opathe\" \/>\n<meta property=\"article:modified_time\" content=\"2024-08-08T09:04:29+00:00\" \/>\n<meta property=\"og:image\" content=\"https:\/\/osteopathe-moreno.com\/wp-content\/uploads\/2022\/03\/POLAROIDSProfil@300x.png\" \/>\n<meta name=\"twitter:card\" content=\"summary_large_image\" \/>\n<meta name=\"twitter:label1\" content=\"Dur\u00e9e de lecture estim\u00e9e\" \/>\n\t<meta name=\"twitter:data1\" content=\"1 minute\" \/>\n<script type=\"application\/ld+json\" class=\"yoast-schema-graph\">{\"@context\":\"https:\\\/\\\/schema.org\",\"@graph\":[{\"@type\":\"WebPage\",\"@id\":\"https:\\\/\\\/osteopathe-moreno.com\\\/index.php\\\/contact\\\/\",\"url\":\"https:\\\/\\\/osteopathe-moreno.com\\\/index.php\\\/contact\\\/\",\"name\":\"Contact - Am\u00e9lie Moreno Ost\u00e9opathe\",\"isPartOf\":{\"@id\":\"https:\\\/\\\/osteopathe-moreno.com\\\/#website\"},\"primaryImageOfPage\":{\"@id\":\"https:\\\/\\\/osteopathe-moreno.com\\\/index.php\\\/contact\\\/#primaryimage\"},\"image\":{\"@id\":\"https:\\\/\\\/osteopathe-moreno.com\\\/index.php\\\/contact\\\/#primaryimage\"},\"thumbnailUrl\":\"https:\\\/\\\/osteopathe-moreno.com\\\/wp-content\\\/uploads\\\/2022\\\/03\\\/POLAROIDSProfil@300x.png\",\"datePublished\":\"2022-03-27T17:10:46+00:00\",\"dateModified\":\"2024-08-08T09:04:29+00:00\",\"breadcrumb\":{\"@id\":\"https:\\\/\\\/osteopathe-moreno.com\\\/index.php\\\/contact\\\/#breadcrumb\"},\"inLanguage\":\"fr-FR\",\"potentialAction\":[{\"@type\":\"ReadAction\",\"target\":[\"https:\\\/\\\/osteopathe-moreno.com\\\/index.php\\\/contact\\\/\"]}]},{\"@type\":\"ImageObject\",\"inLanguage\":\"fr-FR\",\"@id\":\"https:\\\/\\\/osteopathe-moreno.com\\\/index.php\\\/contact\\\/#primaryimage\",\"url\":\"https:\\\/\\\/osteopathe-moreno.com\\\/wp-content\\\/uploads\\\/2022\\\/03\\\/POLAROIDSProfil@300x.png\",\"contentUrl\":\"https:\\\/\\\/osteopathe-moreno.com\\\/wp-content\\\/uploads\\\/2022\\\/03\\\/POLAROIDSProfil@300x.png\",\"width\":1000,\"height\":913},{\"@type\":\"BreadcrumbList\",\"@id\":\"https:\\\/\\\/osteopathe-moreno.com\\\/index.php\\\/contact\\\/#breadcrumb\",\"itemListElement\":[{\"@type\":\"ListItem\",\"position\":1,\"name\":\"Accueil\",\"item\":\"https:\\\/\\\/osteopathe-moreno.com\\\/\"},{\"@type\":\"ListItem\",\"position\":2,\"name\":\"Contact\"}]},{\"@type\":\"WebSite\",\"@id\":\"https:\\\/\\\/osteopathe-moreno.com\\\/#website\",\"url\":\"https:\\\/\\\/osteopathe-moreno.com\\\/\",\"name\":\"Am\u00e9lie Moreno Ost\u00e9opathe\",\"description\":\"Ost\u00e9opathe Sainte Foy Les Lyon\",\"publisher\":{\"@id\":\"https:\\\/\\\/osteopathe-moreno.com\\\/#organization\"},\"potentialAction\":[{\"@type\":\"SearchAction\",\"target\":{\"@type\":\"EntryPoint\",\"urlTemplate\":\"https:\\\/\\\/osteopathe-moreno.com\\\/?s={search_term_string}\"},\"query-input\":{\"@type\":\"PropertyValueSpecification\",\"valueRequired\":true,\"valueName\":\"search_term_string\"}}],\"inLanguage\":\"fr-FR\"},{\"@type\":\"Organization\",\"@id\":\"https:\\\/\\\/osteopathe-moreno.com\\\/#organization\",\"name\":\"Am\u00e9lie Moreno Ost\u00e9opathe\",\"url\":\"https:\\\/\\\/osteopathe-moreno.com\\\/\",\"logo\":{\"@type\":\"ImageObject\",\"inLanguage\":\"fr-FR\",\"@id\":\"https:\\\/\\\/osteopathe-moreno.com\\\/#\\\/schema\\\/logo\\\/image\\\/\",\"url\":\"https:\\\/\\\/osteopathe-moreno.com\\\/wp-content\\\/uploads\\\/2022\\\/03\\\/cropped-Logo-SF-1-copie.png\",\"contentUrl\":\"https:\\\/\\\/osteopathe-moreno.com\\\/wp-content\\\/uploads\\\/2022\\\/03\\\/cropped-Logo-SF-1-copie.png\",\"width\":760,\"height\":710,\"caption\":\"Am\u00e9lie Moreno Ost\u00e9opathe\"},\"image\":{\"@id\":\"https:\\\/\\\/osteopathe-moreno.com\\\/#\\\/schema\\\/logo\\\/image\\\/\"}}]}<\/script>\n<!-- \/ Yoast SEO plugin. -->","yoast_head_json":{"title":"Contact - Am\u00e9lie Moreno Ost\u00e9opathe","robots":{"index":"index","follow":"follow","max-snippet":"max-snippet:-1","max-image-preview":"max-image-preview:large","max-video-preview":"max-video-preview:-1"},"canonical":"https:\/\/osteopathe-moreno.com\/index.php\/contact\/","og_locale":"fr_FR","og_type":"article","og_title":"Contact - Am\u00e9lie Moreno Ost\u00e9opathe","og_description":"Vous souhaitez prendre rendez-vous ? Pour une prise de rendez-vous, retrouvez-moi sur doctolib en cliquant sur le bouton ci-dessous : RDV Doctolib Vous pouvez aussi me contacter par t\u00e9l\u00e9phone au\u00a007 69 66 02 02, ou par mail \u00e0\u00a0contact@osteopathe-moreno.com. Pour toutes informations compl\u00e9mentaires n&rsquo;h\u00e9sitez pas \u00e0 me contacter par SMS ou par mail, j&rsquo;y\u00a0r\u00e9pondrai dans les plus brefs d\u00e9lais. Horaires Vous pouvez me retrouver : Du Lundi au Vendredi\u00a0 de 8h-12h et 13h-18h","og_url":"https:\/\/osteopathe-moreno.com\/index.php\/contact\/","og_site_name":"Am\u00e9lie Moreno Ost\u00e9opathe","article_modified_time":"2024-08-08T09:04:29+00:00","og_image":[{"url":"https:\/\/osteopathe-moreno.com\/wp-content\/uploads\/2022\/03\/POLAROIDSProfil@300x.png","type":"","width":"","height":""}],"twitter_card":"summary_large_image","twitter_misc":{"Dur\u00e9e de lecture estim\u00e9e":"1 minute"},"schema":{"@context":"https:\/\/schema.org","@graph":[{"@type":"WebPage","@id":"https:\/\/osteopathe-moreno.com\/index.php\/contact\/","url":"https:\/\/osteopathe-moreno.com\/index.php\/contact\/","name":"Contact - Am\u00e9lie Moreno Ost\u00e9opathe","isPartOf":{"@id":"https:\/\/osteopathe-moreno.com\/#website"},"primaryImageOfPage":{"@id":"https:\/\/osteopathe-moreno.com\/index.php\/contact\/#primaryimage"},"image":{"@id":"https:\/\/osteopathe-moreno.com\/index.php\/contact\/#primaryimage"},"thumbnailUrl":"https:\/\/osteopathe-moreno.com\/wp-content\/uploads\/2022\/03\/POLAROIDSProfil@300x.png","datePublished":"2022-03-27T17:10:46+00:00","dateModified":"2024-08-08T09:04:29+00:00","breadcrumb":{"@id":"https:\/\/osteopathe-moreno.com\/index.php\/contact\/#breadcrumb"},"inLanguage":"fr-FR","potentialAction":[{"@type":"ReadAction","target":["https:\/\/osteopathe-moreno.com\/index.php\/contact\/"]}]},{"@type":"ImageObject","inLanguage":"fr-FR","@id":"https:\/\/osteopathe-moreno.com\/index.php\/contact\/#primaryimage","url":"https:\/\/osteopathe-moreno.com\/wp-content\/uploads\/2022\/03\/POLAROIDSProfil@300x.png","contentUrl":"https:\/\/osteopathe-moreno.com\/wp-content\/uploads\/2022\/03\/POLAROIDSProfil@300x.png","width":1000,"height":913},{"@type":"BreadcrumbList","@id":"https:\/\/osteopathe-moreno.com\/index.php\/contact\/#breadcrumb","itemListElement":[{"@type":"ListItem","position":1,"name":"Accueil","item":"https:\/\/osteopathe-moreno.com\/"},{"@type":"ListItem","position":2,"name":"Contact"}]},{"@type":"WebSite","@id":"https:\/\/osteopathe-moreno.com\/#website","url":"https:\/\/osteopathe-moreno.com\/","name":"Am\u00e9lie Moreno Ost\u00e9opathe","description":"Ost\u00e9opathe Sainte Foy Les Lyon","publisher":{"@id":"https:\/\/osteopathe-moreno.com\/#organization"},"potentialAction":[{"@type":"SearchAction","target":{"@type":"EntryPoint","urlTemplate":"https:\/\/osteopathe-moreno.com\/?s={search_term_string}"},"query-input":{"@type":"PropertyValueSpecification","valueRequired":true,"valueName":"search_term_string"}}],"inLanguage":"fr-FR"},{"@type":"Organization","@id":"https:\/\/osteopathe-moreno.com\/#organization","name":"Am\u00e9lie Moreno Ost\u00e9opathe","url":"https:\/\/osteopathe-moreno.com\/","logo":{"@type":"ImageObject","inLanguage":"fr-FR","@id":"https:\/\/osteopathe-moreno.com\/#\/schema\/logo\/image\/","url":"https:\/\/osteopathe-moreno.com\/wp-content\/uploads\/2022\/03\/cropped-Logo-SF-1-copie.png","contentUrl":"https:\/\/osteopathe-moreno.com\/wp-content\/uploads\/2022\/03\/cropped-Logo-SF-1-copie.png","width":760,"height":710,"caption":"Am\u00e9lie Moreno Ost\u00e9opathe"},"image":{"@id":"https:\/\/osteopathe-moreno.com\/#\/schema\/logo\/image\/"}}]}},"_links":{"self":[{"href":"https:\/\/osteopathe-moreno.com\/index.php\/wp-json\/wp\/v2\/pages\/538","targetHints":{"allow":["GET"]}}],"collection":[{"href":"https:\/\/osteopathe-moreno.com\/index.php\/wp-json\/wp\/v2\/pages"}],"about":[{"href":"https:\/\/osteopathe-moreno.com\/index.php\/wp-json\/wp\/v2\/types\/page"}],"author":[{"embeddable":true,"href":"https:\/\/osteopathe-moreno.com\/index.php\/wp-json\/wp\/v2\/users\/1"}],"replies":[{"embeddable":true,"href":"https:\/\/osteopathe-moreno.com\/index.php\/wp-json\/wp\/v2\/comments?post=538"}],"version-history":[{"count":37,"href":"https:\/\/osteopathe-moreno.com\/index.php\/wp-json\/wp\/v2\/pages\/538\/revisions"}],"predecessor-version":[{"id":1224,"href":"https:\/\/osteopathe-moreno.com\/index.php\/wp-json\/wp\/v2\/pages\/538\/revisions\/1224"}],"wp:attachment":[{"href":"https:\/\/osteopathe-moreno.com\/index.php\/wp-json\/wp\/v2\/media?parent=538"}],"curies":[{"name":"wp","href":"https:\/\/api.w.org\/{rel}","templated":true}]}}